{"id":8431,"date":"2023-11-02T10:50:41","date_gmt":"2023-11-02T10:50:41","guid":{"rendered":"https:\/\/delta-dragun.hr\/kamenolom\/"},"modified":"2023-11-25T19:17:06","modified_gmt":"2023-11-25T19:17:06","slug":"quarry","status":"publish","type":"page","link":"https:\/\/delta-dragun.hr\/en\/quarry\/","title":{"rendered":"Quarry"},"content":{"rendered":"\t\t<div data-elementor-type=\"wp-page\" data-elementor-id=\"8431\" class=\"elementor elementor-8431\">\n\t\t\t\t\t\t<section class=\"elementor-section elementor-top-section elementor-element elementor-element-a618b85 elementor-section-height-min-height elementor-section-items-stretch elementor-section-full_width elementor-section-height-default elementor-invisible\" data-id=\"a618b85\" data-element_type=\"section\" data-settings=\"{&quot;background_background&quot;:&quot;classic&quot;,&quot;animation&quot;:&quot;h-neuron-animation--slideUp&quot;}\">\n\t\t\t\t\t\t\t<div class=\"elementor-background-overlay\"><\/div>\n\t\t\t\t\t\t\t<div class=\"elementor-container elementor-column-gap-no\">\n\t\t\t\t\t<div class=\"elementor-column elementor-col-100 elementor-top-column elementor-element elementor-element-113baee\" data-id=\"113baee\" data-element_type=\"column\">\n\t\t\t<div class=\"elementor-widget-wrap\">\n\t\t\t\t\t\t\t<\/div>\n\t\t<\/div>\n\t\t\t\t\t<\/div>\n\t\t<\/section>\n\t\t\t\t<section class=\"elementor-section elementor-top-section elementor-element elementor-element-dc8efd6 elementor-section-full_width n-ponte-medium--wide elementor-section-height-default elementor-section-height-default elementor-invisible\" data-id=\"dc8efd6\" data-element_type=\"section\" data-settings=\"{&quot;animation&quot;:&quot;h-neuron-animation--slideUp&quot;}\">\n\t\t\t\t\t\t<div class=\"elementor-container elementor-column-gap-no\">\n\t\t\t\t\t<div class=\"elementor-column elementor-col-100 elementor-top-column elementor-element elementor-element-9ce5ed2\" data-id=\"9ce5ed2\" data-element_type=\"column\">\n\t\t\t<div class=\"elementor-widget-wrap elementor-element-populated\">\n\t\t\t\t\t\t<div class=\"elementor-element elementor-element-5b106a7 elementor-widget elementor-widget-heading\" data-id=\"5b106a7\" data-element_type=\"widget\" data-widget_type=\"heading.default\">\n\t\t\t\t<div class=\"elementor-widget-container\">\n\t\t\t\t\t<h2 class=\"elementor-heading-title elementor-size-default\">our quarry in location plano<\/h2>\t\t\t\t<\/div>\n\t\t\t\t<\/div>\n\t\t\t\t<div class=\"elementor-element elementor-element-fc426c3 elementor-widget elementor-widget-heading\" data-id=\"fc426c3\" data-element_type=\"widget\" data-widget_type=\"heading.default\">\n\t\t\t\t<div class=\"elementor-widget-container\">\n\t\t\t\t\t<h4 class=\"elementor-heading-title elementor-size-default\">The Saint Nikola quarry (Plano), established in 2010 and located near the city of Trogir, is dedicated to the exploitation of high-quality architectural-construction stone.<\/h4>\t\t\t\t<\/div>\n\t\t\t\t<\/div>\n\t\t\t\t\t<\/div>\n\t\t<\/div>\n\t\t\t\t\t<\/div>\n\t\t<\/section>\n\t\t\t\t<section class=\"elementor-section elementor-top-section elementor-element elementor-element-2150b53 elementor-section-full_width n-ponte-container--wide elementor-section-height-default elementor-section-height-default elementor-invisible\" data-id=\"2150b53\" data-element_type=\"section\" data-settings=\"{&quot;animation&quot;:&quot;h-neuron-animation--slideUp&quot;}\">\n\t\t\t\t\t\t<div class=\"elementor-container elementor-column-gap-no\">\n\t\t\t\t\t<div class=\"elementor-column elementor-col-50 elementor-top-column elementor-element elementor-element-84d2de8\" data-id=\"84d2de8\" data-element_type=\"column\">\n\t\t\t<div class=\"elementor-widget-wrap elementor-element-populated\">\n\t\t\t\t\t\t<div class=\"elementor-element elementor-element-c087027 elementor-widget elementor-widget-heading\" data-id=\"c087027\" data-element_type=\"widget\" data-widget_type=\"heading.default\">\n\t\t\t\t<div class=\"elementor-widget-container\">\n\t\t\t\t\t<h2 class=\"elementor-heading-title elementor-size-default\">quarry St. NIKOLA<\/h2>\t\t\t\t<\/div>\n\t\t\t\t<\/div>\n\t\t\t\t<div class=\"elementor-element elementor-element-799063c elementor-widget elementor-widget-heading\" data-id=\"799063c\" data-element_type=\"widget\" data-widget_type=\"heading.default\">\n\t\t\t\t<div class=\"elementor-widget-container\">\n\t\t\t\t\t<h4 class=\"elementor-heading-title elementor-size-default\"><main><div><div data-elementor-type=\"wp-page\" data-elementor-id=\"8415\"><section data-id=\"d51f097\" data-element_type=\"section\" data-settings=\"{&quot;animation&quot;:&quot;h-neuron-animation--slideUp&quot;,&quot;background_background&quot;:&quot;classic&quot;}\"><div><div data-id=\"be8597e\" data-element_type=\"column\"><div><div data-id=\"560f5c4\" data-element_type=\"widget\" data-widget_type=\"heading.default\"><div><h4><h4>Stone exploitation from our quarry Plano<\/h4><\/h4><\/div><\/div><\/div><\/div><\/div><\/section><\/div><\/div><\/main><\/h4>\t\t\t\t<\/div>\n\t\t\t\t<\/div>\n\t\t\t\t<div class=\"elementor-element elementor-element-6b4d132 elementor-widget elementor-widget-text-editor\" data-id=\"6b4d132\" data-element_type=\"widget\" data-widget_type=\"text-editor.default\">\n\t\t\t\t<div class=\"elementor-widget-container\">\n\t\t\t\t\t\t\t\t\t<p>The Plano location harbors one of the richest limestone deposits in Dalmatia, where the eponymous Plano stone is extracted.<\/p><p>This stone is recognized across the region and the world for its quality and durability. With a rich history spanning decades, we have become renowned exporters of premium stone blocks, present in both domestic and international markets.<\/p><p>We stand out for our passionate commitment to environmental preservation and a sustainable approach to exploitation, aiming to preserve the natural beauty of the area. Our production is based on Plano stone, whose exceptional strength and aesthetic value make it a preferred choice in construction, architecture, and sculpture. It has become synonymous with quality and durability, often chosen by experts for various projects.<\/p>\t\t\t\t\t\t\t\t<\/div>\n\t\t\t\t<\/div>\n\t\t\t\t\t<\/div>\n\t\t<\/div>\n\t\t\t\t<div class=\"elementor-column elementor-col-50 elementor-top-column elementor-element elementor-element-1104afd\" data-id=\"1104afd\" data-element_type=\"column\">\n\t\t\t<div class=\"elementor-widget-wrap elementor-element-populated\">\n\t\t\t\t\t\t<div class=\"elementor-element elementor-element-193d689 elementor-widget elementor-widget-image\" data-id=\"193d689\" data-element_type=\"widget\" data-widget_type=\"image.default\">\n\t\t\t\t<div class=\"elementor-widget-container\">\n\t\t\t\t\t\t\t\t\t\t\t\t\t\t\t<img fetchpriority=\"high\" decoding=\"async\" width=\"2478\" height=\"1693\" src=\"https:\/\/delta-dragun.hr\/wp-content\/uploads\/2023\/09\/0012-scaled-e1694533981522.webp\" class=\"attachment-full size-full wp-image-6186\" alt=\"\" srcset=\"https:\/\/delta-dragun.hr\/wp-content\/uploads\/2023\/09\/0012-scaled-e1694533981522.webp 2478w, https:\/\/delta-dragun.hr\/wp-content\/uploads\/2023\/09\/0012-scaled-e1694533981522-600x410.webp 600w, https:\/\/delta-dragun.hr\/wp-content\/uploads\/2023\/09\/0012-scaled-e1694533981522-300x205.webp 300w, https:\/\/delta-dragun.hr\/wp-content\/uploads\/2023\/09\/0012-scaled-e1694533981522-1024x700.webp 1024w, https:\/\/delta-dragun.hr\/wp-content\/uploads\/2023\/09\/0012-scaled-e1694533981522-768x525.webp 768w, https:\/\/delta-dragun.hr\/wp-content\/uploads\/2023\/09\/0012-scaled-e1694533981522-1536x1049.webp 1536w, https:\/\/delta-dragun.hr\/wp-content\/uploads\/2023\/09\/0012-scaled-e1694533981522-2048x1399.webp 2048w\" sizes=\"(max-width: 2478px) 100vw, 2478px\" \/>\t\t\t\t\t\t\t\t\t\t\t\t\t\t\t<\/div>\n\t\t\t\t<\/div>\n\t\t\t\t\t<\/div>\n\t\t<\/div>\n\t\t\t\t\t<\/div>\n\t\t<\/section>\n\t\t\t\t<section class=\"elementor-section elementor-top-section elementor-element elementor-element-573c430 elementor-section-boxed elementor-section-height-default elementor-section-height-default elementor-invisible\" data-id=\"573c430\" data-element_type=\"section\" data-settings=\"{&quot;animation&quot;:&quot;h-neuron-animation--slideUp&quot;}\">\n\t\t\t\t\t\t<div class=\"elementor-container elementor-column-gap-no\">\n\t\t\t\t\t<div class=\"elementor-column elementor-col-100 elementor-top-column elementor-element elementor-element-bbe0e0d\" data-id=\"bbe0e0d\" data-element_type=\"column\">\n\t\t\t<div class=\"elementor-widget-wrap elementor-element-populated\">\n\t\t\t\t\t\t<div class=\"elementor-element elementor-element-4968e3c neuron-dots--animation__none l-neuron-testimonial--image-inline l-neuron-testimonial--alignment__center neuron-swiper--overflow-hidden neuron-swiper--overflow-hidden neuron-swiper--overflow-hidden neuron-dots--style__bullets neuron-dots--orientation__horizontal elementor-widget elementor-widget-neuron-testimonial-carousel\" data-id=\"4968e3c\" data-element_type=\"widget\" data-settings=\"{&quot;navigation&quot;:&quot;dots&quot;,&quot;autoplay&quot;:&quot;yes&quot;,&quot;autoplay_speed&quot;:2000,&quot;space_between_tablet&quot;:{&quot;unit&quot;:&quot;px&quot;,&quot;size&quot;:50,&quot;sizes&quot;:[]},&quot;space_between_mobile&quot;:{&quot;unit&quot;:&quot;px&quot;,&quot;size&quot;:50,&quot;sizes&quot;:[]},&quot;slides_per_view&quot;:&quot;1&quot;,&quot;slides_per_view_tablet&quot;:&quot;1&quot;,&quot;slides_per_view_mobile&quot;:&quot;1&quot;,&quot;slides_to_scroll&quot;:&quot;1&quot;,&quot;infinite&quot;:&quot;yes&quot;,&quot;pause_on_hover&quot;:&quot;yes&quot;,&quot;neuron_animations&quot;:&quot;h-neuron-animation--slideUp&quot;,&quot;animation_delay&quot;:100,&quot;animation_delay_reset&quot;:300,&quot;transition&quot;:&quot;slide&quot;,&quot;transition_speed&quot;:500,&quot;space_between&quot;:{&quot;unit&quot;:&quot;px&quot;,&quot;size&quot;:30,&quot;sizes&quot;:[]},&quot;dots_style&quot;:&quot;bullets&quot;}\" data-widget_type=\"neuron-testimonial-carousel.default\">\n\t\t\t\t<div class=\"elementor-widget-container\">\n\t\t\t\t\t\t\t<div class=\"neuron-swiper\">\r\n\t\t\t<div class=\"neuron-slides-wrapper neuron-main-swiper swiper-container\" data-animation-id=\"6c0ba60efbecdb6c38a3660420b8e1ce\">\r\n\t\t\t\t\t\t\t\t<div class=\"swiper-wrapper neuron-slides\">\r\n\t\t\t\t\t\t\t\t\t\t\t<div class=\"m-neuron-testimonial elementor-repeater-item-48cbc42 swiper-slide\">\r\n\t\t\t\t\t\t\t\t\t\t\t\t\t\t\t\t\t\t\t\t\t\t<div class=\"m-neuron-testimonial__content\">\r\n\t\t\t\t\t\t\t\t\t\t\t\t\t\t\t\t\t\t\t<div class=\"m-neuron-testimonial__text\">Jako profesionalni, uslu\u017eni. Naru\u010dena roba isporu\u010dena je na vrijeme i visoke kvalitete.<\/div>\r\n\t\t\t\t\t\t\t\t\t\t\t\t\t\t\t\t\t\t\t\t\t\t\t\t\t\t<\/div>\r\n\t\t\t\t\t\t\t\t\t\t\t\t\t\t<div class=\"m-neuron-testimonial__footer\">\r\n\t\t\t\t\t\t\t\t\t\t\t\t\t\t\t\t\t\t\t\t\t\t\t\t\t<div class=\"m-neuron-testimonial__cite\">\r\n\t\t\t\t\t\t\t\t\t\t\t\t\t\t\t\t\t\t\t\t\t<span class=\"m-neuron-testimonial__name\">- Marin Matkovi\u0107 (Google)<\/span>\r\n\t\t\t\t\t\t\t\t\t\t\t\t\t\t\t\t\t\t\t\t\t\t\t\t\t\t\t\t\t<\/div>\r\n\t\t\t\t\t\t\t\t\t\t\t\t\t\t\t<\/div>\r\n\t\t\t\t\t\t<\/div>\r\n\t\t\t\t\t\t\t\t\t\t\t<div class=\"m-neuron-testimonial elementor-repeater-item-f71c8e8 swiper-slide\">\r\n\t\t\t\t\t\t\t\t\t\t\t\t\t\t\t\t\t\t\t\t\t\t<div class=\"m-neuron-testimonial__content\">\r\n\t\t\t\t\t\t\t\t\t\t\t\t\t\t\t\t\t\t\t<div class=\"m-neuron-testimonial__text\">Efikasna i narud\u017eba i isporuka. Poslovo\u0111a Damir izuzetno razumije posao i upozorava na sitnice i cake. Ozbiljno poslovanje. De\u010dki u pogonu raspjevani<\/div>\r\n\t\t\t\t\t\t\t\t\t\t\t\t\t\t\t\t\t\t\t\t\t\t\t\t\t\t<\/div>\r\n\t\t\t\t\t\t\t\t\t\t\t\t\t\t<div class=\"m-neuron-testimonial__footer\">\r\n\t\t\t\t\t\t\t\t\t\t\t\t\t\t\t\t\t\t\t\t\t\t\t\t\t<div class=\"m-neuron-testimonial__cite\">\r\n\t\t\t\t\t\t\t\t\t\t\t\t\t\t\t\t\t\t\t\t\t<span class=\"m-neuron-testimonial__name\">- Lovre (Google)<\/span>\r\n\t\t\t\t\t\t\t\t\t\t\t\t\t\t\t\t\t\t\t\t\t\t\t\t\t\t\t\t\t<\/div>\r\n\t\t\t\t\t\t\t\t\t\t\t\t\t\t\t<\/div>\r\n\t\t\t\t\t\t<\/div>\r\n\t\t\t\t\t\t\t\t\t<\/div>\r\n\t\t\t<\/div>\r\n\r\n\t\t\t\r\n\t\t\t\t\r\n\t\t\t\t\t\t\t\t\t<div class=\"swiper-pagination neuron-swiper-dots\"><\/div>\r\n\t\t\t\t\t\t\t\t\r\n\t\t\t\t\r\n\t\t\t\t\t\t\t\r\n\t\t<\/div>\r\n\t\t\t\t\t\t<\/div>\n\t\t\t\t<\/div>\n\t\t\t\t\t<\/div>\n\t\t<\/div>\n\t\t\t\t\t<\/div>\n\t\t<\/section>\n\t\t\t\t<section class=\"elementor-section elementor-top-section elementor-element elementor-element-3d882b1 elementor-section-full_width n-ponte-container--wide elementor-section-height-default elementor-section-height-default elementor-invisible\" data-id=\"3d882b1\" data-element_type=\"section\" data-settings=\"{&quot;background_background&quot;:&quot;classic&quot;,&quot;animation&quot;:&quot;h-neuron-animation--slideUp&quot;}\">\n\t\t\t\t\t\t<div class=\"elementor-container elementor-column-gap-no\">\n\t\t\t\t\t<div class=\"elementor-column elementor-col-100 elementor-top-column elementor-element elementor-element-83183da\" data-id=\"83183da\" data-element_type=\"column\">\n\t\t\t<div class=\"elementor-widget-wrap elementor-element-populated\">\n\t\t\t\t\t\t<section class=\"elementor-section elementor-inner-section elementor-element elementor-element-8e78eec elementor-section-full_width elementor-section-height-default elementor-section-height-default\" data-id=\"8e78eec\" data-element_type=\"section\">\n\t\t\t\t\t\t<div class=\"elementor-container elementor-column-gap-no\">\n\t\t\t\t\t<div class=\"elementor-column elementor-col-100 elementor-inner-column elementor-element elementor-element-8242ed2\" data-id=\"8242ed2\" data-element_type=\"column\">\n\t\t\t<div class=\"elementor-widget-wrap elementor-element-populated\">\n\t\t\t\t\t\t<div class=\"elementor-element elementor-element-07e3467 elementor-widget__width-auto elementor-widget elementor-widget-heading\" data-id=\"07e3467\" data-element_type=\"widget\" data-widget_type=\"heading.default\">\n\t\t\t\t<div class=\"elementor-widget-container\">\n\t\t\t\t\t<h6 class=\"elementor-heading-title elementor-size-default\">Follow us<\/h6>\t\t\t\t<\/div>\n\t\t\t\t<\/div>\n\t\t\t\t<div class=\"elementor-element elementor-element-05fcb9d elementor-widget__width-auto elementor-widget elementor-widget-button\" data-id=\"05fcb9d\" data-element_type=\"widget\" data-widget_type=\"button.default\">\n\t\t\t\t<div class=\"elementor-widget-container\">\n\t\t\t\t\t\t\t\t\t<div class=\"elementor-button-wrapper\">\n\t\t\t\t\t<a class=\"elementor-button elementor-button-link elementor-size-sm\" href=\"#\">\n\t\t\t\t\t\t<span class=\"elementor-button-content-wrapper\">\n\t\t\t\t\t\t\t\t\t<span class=\"elementor-button-text\">@deltadragun<\/span>\n\t\t\t\t\t<\/span>\n\t\t\t\t\t<\/a>\n\t\t\t\t<\/div>\n\t\t\t\t\t\t\t\t<\/div>\n\t\t\t\t<\/div>\n\t\t\t\t\t<\/div>\n\t\t<\/div>\n\t\t\t\t\t<\/div>\n\t\t<\/section>\n\t\t\t\t<div class=\"elementor-element elementor-element-ff49f57 neuron-swiper--overflow-hidden neuron-swiper--overflow-hidden neuron-swiper--overflow-hidden m-neuron-gallery--overlay-none elementor-invisible elementor-widget elementor-widget-neuron-gallery\" data-id=\"ff49f57\" data-element_type=\"widget\" data-settings=\"{&quot;slides_per_view&quot;:&quot;4&quot;,&quot;slides_per_view_tablet&quot;:&quot;4&quot;,&quot;slides_per_view_mobile&quot;:&quot;2&quot;,&quot;carousel&quot;:&quot;yes&quot;,&quot;navigation&quot;:&quot;none&quot;,&quot;infinite&quot;:&quot;yes&quot;,&quot;autoplay&quot;:&quot;yes&quot;,&quot;slides_to_scroll&quot;:&quot;1&quot;,&quot;slides_to_scroll_tablet&quot;:&quot;1&quot;,&quot;slides_to_scroll_mobile&quot;:&quot;1&quot;,&quot;pause_on_hover&quot;:&quot;yes&quot;,&quot;keyboard_navigation&quot;:&quot;yes&quot;,&quot;autoplay_speed&quot;:3000,&quot;transition_speed&quot;:500,&quot;space_between&quot;:{&quot;unit&quot;:&quot;px&quot;,&quot;size&quot;:30,&quot;sizes&quot;:[]},&quot;space_between_tablet&quot;:{&quot;unit&quot;:&quot;px&quot;,&quot;size&quot;:10,&quot;sizes&quot;:[]},&quot;space_between_mobile&quot;:{&quot;unit&quot;:&quot;px&quot;,&quot;size&quot;:10,&quot;sizes&quot;:[]},&quot;animation&quot;:&quot;yes&quot;,&quot;neuron_animations&quot;:&quot;h-neuron-animation--slideUp&quot;,&quot;neuron_animations_duration&quot;:&quot;animated&quot;,&quot;animation_delay&quot;:0,&quot;image_animation_hover&quot;:&quot;none&quot;}\" data-widget_type=\"neuron-gallery.default\">\n\t\t\t\t<div class=\"elementor-widget-container\">\n\t\t\t\t\t\t\r\n\t\t\t\t\t<div class=\"neuron-swiper\">\r\n\t\t\t\t<div class=\"neuron-slides-wrapper neuron-main-swiper swiper-container\" data-animation-id=\"dd5d5655a8c5cb693f02f93ee437dae7\">\r\n\t\t\r\n\t\t\t\t<div class=\"swiper-wrapper neuron-slides\" data-masonry-id=\"dd5d5655a8c5cb693f02f93ee437dae7\">\r\n\t\t\t\t\t\t\t\t\t\t\t<a class=\"swiper-slide m-neuron-gallery__item h-neuron-animation--wow\" data-elementor-open-lightbox=\"no\" data-elementor-lightbox-slideshow=\"all-ff49f57\" data-id=\"6644\" data-elementor-lightbox-title=\"DSC_9499\">\r\n\r\n\t\t\t\t\t\t\t<div class=\"m-neuron-gallery__inner\">\r\n\r\n\t\t\t\t\t\t\t\t\r\n\t\t\t\t\t\t\t\t<div class=\"m-neuron-gallery__thumbnail--link\">\r\n\t\t\t\t\t\t\t\t\t<div class=\"m-neuron-gallery__thumbnail\">\r\n\t\t\t\t\t\t\t\t\t\t<img decoding=\"async\" src=\"https:\/\/delta-dragun.hr\/wp-content\/uploads\/2023\/11\/DSC_9499.webp\" \/>\r\n\t\t\t\t\t\t\t\t\t<\/div>\r\n\t\t\t\t\t\t\t\t\t\t\t\t\t\t\t\t\t<\/div>\r\n\t\t\t\t\t\t\t\t\r\n\t\t\t\t\t\t\t\t\r\n\t\t\t\t\t\t\t<\/div>\r\n\r\n\t\t\t\t\t\t<\/a>\r\n\r\n\t\t\t\t\t\t\r\n\t\t\t\t\t\t\t\t\t\t\t<a class=\"swiper-slide m-neuron-gallery__item h-neuron-animation--wow\" data-elementor-open-lightbox=\"no\" data-elementor-lightbox-slideshow=\"all-ff49f57\" data-id=\"6643\" data-elementor-lightbox-title=\"DSC_9497\">\r\n\r\n\t\t\t\t\t\t\t<div class=\"m-neuron-gallery__inner\">\r\n\r\n\t\t\t\t\t\t\t\t\r\n\t\t\t\t\t\t\t\t<div class=\"m-neuron-gallery__thumbnail--link\">\r\n\t\t\t\t\t\t\t\t\t<div class=\"m-neuron-gallery__thumbnail\">\r\n\t\t\t\t\t\t\t\t\t\t<img decoding=\"async\" src=\"https:\/\/delta-dragun.hr\/wp-content\/uploads\/2023\/11\/DSC_9497.webp\" \/>\r\n\t\t\t\t\t\t\t\t\t<\/div>\r\n\t\t\t\t\t\t\t\t\t\t\t\t\t\t\t\t\t<\/div>\r\n\t\t\t\t\t\t\t\t\r\n\t\t\t\t\t\t\t\t\r\n\t\t\t\t\t\t\t<\/div>\r\n\r\n\t\t\t\t\t\t<\/a>\r\n\r\n\t\t\t\t\t\t\r\n\t\t\t\t\t\t\t\t\t\t\t<a class=\"swiper-slide m-neuron-gallery__item h-neuron-animation--wow\" data-elementor-open-lightbox=\"no\" data-elementor-lightbox-slideshow=\"all-ff49f57\" data-id=\"6637\" data-elementor-lightbox-title=\"DSC_9550\">\r\n\r\n\t\t\t\t\t\t\t<div class=\"m-neuron-gallery__inner\">\r\n\r\n\t\t\t\t\t\t\t\t\r\n\t\t\t\t\t\t\t\t<div class=\"m-neuron-gallery__thumbnail--link\">\r\n\t\t\t\t\t\t\t\t\t<div class=\"m-neuron-gallery__thumbnail\">\r\n\t\t\t\t\t\t\t\t\t\t<img decoding=\"async\" src=\"https:\/\/delta-dragun.hr\/wp-content\/uploads\/2023\/11\/DSC_9550.webp\" \/>\r\n\t\t\t\t\t\t\t\t\t<\/div>\r\n\t\t\t\t\t\t\t\t\t\t\t\t\t\t\t\t\t<\/div>\r\n\t\t\t\t\t\t\t\t\r\n\t\t\t\t\t\t\t\t\r\n\t\t\t\t\t\t\t<\/div>\r\n\r\n\t\t\t\t\t\t<\/a>\r\n\r\n\t\t\t\t\t\t\r\n\t\t\t\t\t\t\t\t\t\t\t<a class=\"swiper-slide m-neuron-gallery__item h-neuron-animation--wow\" data-elementor-open-lightbox=\"no\" data-elementor-lightbox-slideshow=\"all-ff49f57\" data-id=\"6636\" data-elementor-lightbox-title=\"DSC_9546\">\r\n\r\n\t\t\t\t\t\t\t<div class=\"m-neuron-gallery__inner\">\r\n\r\n\t\t\t\t\t\t\t\t\r\n\t\t\t\t\t\t\t\t<div class=\"m-neuron-gallery__thumbnail--link\">\r\n\t\t\t\t\t\t\t\t\t<div class=\"m-neuron-gallery__thumbnail\">\r\n\t\t\t\t\t\t\t\t\t\t<img decoding=\"async\" src=\"https:\/\/delta-dragun.hr\/wp-content\/uploads\/2023\/11\/DSC_9546.webp\" \/>\r\n\t\t\t\t\t\t\t\t\t<\/div>\r\n\t\t\t\t\t\t\t\t\t\t\t\t\t\t\t\t\t<\/div>\r\n\t\t\t\t\t\t\t\t\r\n\t\t\t\t\t\t\t\t\r\n\t\t\t\t\t\t\t<\/div>\r\n\r\n\t\t\t\t\t\t<\/a>\r\n\r\n\t\t\t\t\t\t\r\n\t\t\t\t\t\t\t\t\t<\/div>\r\n\r\n\t\t\t\t\t\t\t<\/div>\r\n\r\n\t\t\t\r\n\t\t\t\t\t\t\r\n\t\t\t\t\t\t<\/div>\r\n\t\t\t\t\t\t\t\t<\/div>\n\t\t\t\t<\/div>\n\t\t\t\t\t<\/div>\n\t\t<\/div>\n\t\t\t\t\t<\/div>\n\t\t<\/section>\n\t\t\t\t<section class=\"elementor-section elementor-top-section elementor-element elementor-element-6150e82 elementor-section-boxed elementor-section-height-default elementor-section-height-default\" data-id=\"6150e82\" data-element_type=\"section\">\n\t\t\t\t\t\t<div class=\"elementor-container elementor-column-gap-default\">\n\t\t\t\t\t<div class=\"elementor-column elementor-col-100 elementor-top-column elementor-element elementor-element-4ed7d5d\" data-id=\"4ed7d5d\" data-element_type=\"column\">\n\t\t\t<div class=\"elementor-widget-wrap\">\n\t\t\t\t\t\t\t<\/div>\n\t\t<\/div>\n\t\t\t\t\t<\/div>\n\t\t<\/section>\n\t\t\t\t<\/div>\n\t\t","protected":false},"excerpt":{"rendered":"<p>our quarry in location plano The Saint Nikola quarry (Plano), established in 2010 and located near the city of Trogir, is dedicated to the exploitation of high-quality architectural-construction stone. quarry St. NIKOLA Stone exploitation from our quarry Plano The Plano location harbors one of the richest limestone deposits in Dalmatia, where the eponymous Plano stone&#8230;<\/p>\n","protected":false},"author":1,"featured_media":0,"parent":0,"menu_order":0,"comment_status":"closed","ping_status":"closed","template":"","meta":{"footnotes":""},"class_list":["post-8431","page","type-page","status-publish","hentry"],"_links":{"self":[{"href":"https:\/\/delta-dragun.hr\/en\/wp-json\/wp\/v2\/pages\/8431","targetHints":{"allow":["GET"]}}],"collection":[{"href":"https:\/\/delta-dragun.hr\/en\/wp-json\/wp\/v2\/pages"}],"about":[{"href":"https:\/\/delta-dragun.hr\/en\/wp-json\/wp\/v2\/types\/page"}],"author":[{"embeddable":true,"href":"https:\/\/delta-dragun.hr\/en\/wp-json\/wp\/v2\/users\/1"}],"replies":[{"embeddable":true,"href":"https:\/\/delta-dragun.hr\/en\/wp-json\/wp\/v2\/comments?post=8431"}],"version-history":[{"count":10,"href":"https:\/\/delta-dragun.hr\/en\/wp-json\/wp\/v2\/pages\/8431\/revisions"}],"predecessor-version":[{"id":8574,"href":"https:\/\/delta-dragun.hr\/en\/wp-json\/wp\/v2\/pages\/8431\/revisions\/8574"}],"wp:attachment":[{"href":"https:\/\/delta-dragun.hr\/en\/wp-json\/wp\/v2\/media?parent=8431"}],"curies":[{"name":"wp","href":"https:\/\/api.w.org\/{rel}","templated":true}]}}