{"id":8434,"date":"2023-09-12T16:22:41","date_gmt":"2023-09-12T16:22:41","guid":{"rendered":"https:\/\/delta-dragun.hr\/proizvodi\/"},"modified":"2023-11-30T18:01:07","modified_gmt":"2023-11-30T18:01:07","slug":"produkte","status":"publish","type":"page","link":"https:\/\/delta-dragun.hr\/de\/produkte\/","title":{"rendered":"Produkte"},"content":{"rendered":"\t\t<div data-elementor-type=\"wp-page\" data-elementor-id=\"8434\" class=\"elementor elementor-8434\">\n\t\t\t\t\t\t<section class=\"elementor-section elementor-top-section elementor-element elementor-element-45de4a9 elementor-section-full_width n-ponte-container--wide elementor-section-height-default elementor-section-height-default elementor-invisible\" data-id=\"45de4a9\" data-element_type=\"section\" data-settings=\"{&quot;animation&quot;:&quot;h-neuron-animation--slideUp&quot;}\">\n\t\t\t\t\t\t<div class=\"elementor-container elementor-column-gap-no\">\n\t\t\t\t\t<div class=\"elementor-column elementor-col-100 elementor-top-column elementor-element elementor-element-aaa642c\" data-id=\"aaa642c\" data-element_type=\"column\">\n\t\t\t<div class=\"elementor-widget-wrap elementor-element-populated\">\n\t\t\t\t\t\t<div class=\"elementor-element elementor-element-7fd3a32 elementor-widget elementor-widget-neuron-breadcrumbs\" data-id=\"7fd3a32\" data-element_type=\"widget\" data-widget_type=\"neuron-breadcrumbs.default\">\n\t\t\t\t<div class=\"elementor-widget-container\">\n\t\t\t\t\t\r\n\t\t\t<div class=\"m-neuron-breadcrumbs\" aria-label=\"You are here:\">\r\n\t\t\t\t<span class=\"m-neuron-breadcrumbs__item\"><a href=\"https:\/\/delta-dragun.hr\/\">HOME<\/a><\/span> <span class=\"m-neuron-breadcrumbs__separator\"> <i class=\"n-icon n-icon-chevron-right\"><\/i><\/span> <span class=\"m-neuron-breadcrumbs__item\" aria-current=\"page\">Produkte<\/span>\t\t\t<\/div>\r\n\r\n\t\t   \t\t\t\t<\/div>\n\t\t\t\t<\/div>\n\t\t\t\t\t<\/div>\n\t\t<\/div>\n\t\t\t\t\t<\/div>\n\t\t<\/section>\n\t\t\t\t<section class=\"elementor-section elementor-top-section elementor-element elementor-element-e80e582 elementor-section-full_width n-ponte-container--wide elementor-section-height-default elementor-section-height-default elementor-invisible\" data-id=\"e80e582\" data-element_type=\"section\" data-settings=\"{&quot;animation&quot;:&quot;h-neuron-animation--slideUp&quot;}\">\n\t\t\t\t\t\t<div class=\"elementor-container elementor-column-gap-no\">\n\t\t\t\t\t<div class=\"elementor-column elementor-col-100 elementor-top-column elementor-element elementor-element-bc0d4fa\" data-id=\"bc0d4fa\" data-element_type=\"column\">\n\t\t\t<div class=\"elementor-widget-wrap elementor-element-populated\">\n\t\t\t\t\t\t<div class=\"elementor-element elementor-element-e293596 elementor-widget elementor-widget-heading\" data-id=\"e293596\" data-element_type=\"widget\" data-widget_type=\"heading.default\">\n\t\t\t\t<div class=\"elementor-widget-container\">\n\t\t\t\t\t<h4 class=\"elementor-heading-title elementor-size-default\"><span class=\"HwtZe\" lang=\"de\"><span class=\"jCAhz ChMk0b\"><span class=\"ryNqvb\">Unsere Produkte<\/span><\/span><\/span><\/h4>\t\t\t\t<\/div>\n\t\t\t\t<\/div>\n\t\t\t\t\t<\/div>\n\t\t<\/div>\n\t\t\t\t\t<\/div>\n\t\t<\/section>\n\t\t\t\t<section class=\"elementor-section elementor-top-section elementor-element elementor-element-16079ab elementor-section-full_width n-ponte-container--wide elementor-section-height-default elementor-section-height-default elementor-invisible\" data-id=\"16079ab\" data-element_type=\"section\" data-settings=\"{&quot;animation&quot;:&quot;h-neuron-animation--slideUp&quot;}\">\n\t\t\t\t\t\t<div class=\"elementor-container elementor-column-gap-no\">\n\t\t\t\t\t<div class=\"elementor-column elementor-col-100 elementor-top-column elementor-element elementor-element-dd0f9ac\" data-id=\"dd0f9ac\" data-element_type=\"column\">\n\t\t\t<div class=\"elementor-widget-wrap elementor-element-populated\">\n\t\t\t\t\t\t<div class=\"elementor-element elementor-element-efd75c4 m-neuron-posts--layout-masonry l-neuron-grid-wrapper--columns__4 l-neuron-grid-wrapper-tablet--columns__2 l-neuron-grid-wrapper-mobile--columns__1 l-neuron-grid-wrapper--offset-no elementor-invisible elementor-widget elementor-widget-neuron-posts\" data-id=\"efd75c4\" data-element_type=\"widget\" data-settings=\"{&quot;row_gap&quot;:{&quot;unit&quot;:&quot;px&quot;,&quot;size&quot;:50,&quot;sizes&quot;:[]},&quot;image_animation_hover&quot;:&quot;zoom-in&quot;,&quot;row_gap_mobile&quot;:{&quot;unit&quot;:&quot;px&quot;,&quot;size&quot;:40,&quot;sizes&quot;:[]},&quot;layout&quot;:&quot;masonry&quot;,&quot;columns&quot;:&quot;4&quot;,&quot;columns_tablet&quot;:&quot;2&quot;,&quot;columns_mobile&quot;:&quot;1&quot;,&quot;pagination&quot;:&quot;none&quot;,&quot;row_gap_tablet&quot;:{&quot;unit&quot;:&quot;px&quot;,&quot;size&quot;:&quot;&quot;,&quot;sizes&quot;:[]},&quot;animation&quot;:&quot;yes&quot;,&quot;neuron_animations&quot;:&quot;h-neuron-animation--slideUp&quot;,&quot;neuron_animations_duration&quot;:&quot;animated&quot;,&quot;animation_delay&quot;:0}\" data-widget_type=\"neuron-posts.default\">\n\t\t\t\t<div class=\"elementor-widget-container\">\n\t\t\t\t\t\t\t\t\t\t\t<div class=\"l-neuron-grid\" data-masonry-id=\"4c79fe3a61ad8a07db1976196169a4fe\">\r\n\t\t\t\t\t\t\t\t\t\t\t\t<article class=\"l-neuron-grid__item h-neuron-animation--wow m-neuron-post post-8604 portfolio type-portfolio status-publish has-post-thumbnail hentry portfolio_category-produkte\" data-id=\"8604\">\r\n\t\t\t\t\t\t\t\t<div class=\"m-neuron-post__inner m-neuron-post__inner--classic\">\r\n            <a class=\"m-neuron-post__thumbnail--link\" style=\"padding-bottom: 67%;\" href=\"https:\/\/delta-dragun.hr\/de\/portfolio\/fassadenstein\/\"><div class=\"m-neuron-post__thumbnail\"><img fetchpriority=\"high\" decoding=\"async\" width=\"1920\" height=\"1280\" src=\"https:\/\/delta-dragun.hr\/wp-content\/uploads\/2023\/11\/DSC_0789.webp\" class=\"attachment-full size-full wp-post-image\" alt=\"\" srcset=\"https:\/\/delta-dragun.hr\/wp-content\/uploads\/2023\/11\/DSC_0789.webp 1920w, https:\/\/delta-dragun.hr\/wp-content\/uploads\/2023\/11\/DSC_0789-300x200.webp 300w, https:\/\/delta-dragun.hr\/wp-content\/uploads\/2023\/11\/DSC_0789-1024x683.webp 1024w, https:\/\/delta-dragun.hr\/wp-content\/uploads\/2023\/11\/DSC_0789-768x512.webp 768w, https:\/\/delta-dragun.hr\/wp-content\/uploads\/2023\/11\/DSC_0789-1536x1024.webp 1536w, https:\/\/delta-dragun.hr\/wp-content\/uploads\/2023\/11\/DSC_0789-600x400.webp 600w\" sizes=\"(max-width: 1920px) 100vw, 1920px\" \/><\/div><\/a>        <div class=\"m-neuron-post__text\">\r\n            <h6 class=\"m-neuron-post__title\"><a href=\"https:\/\/delta-dragun.hr\/de\/portfolio\/fassadenstein\/\">Fassadenstein<\/a><\/h6>                                            <\/div>\r\n    <\/div>\t\t\t\t\t\t\t<\/article>\r\n\t\t\t\t\t\t\t\t\t\t\t\t\t\t<article class=\"l-neuron-grid__item h-neuron-animation--wow m-neuron-post post-8602 portfolio type-portfolio status-publish has-post-thumbnail hentry portfolio_category-produkte\" data-id=\"8602\">\r\n\t\t\t\t\t\t\t\t<div class=\"m-neuron-post__inner m-neuron-post__inner--classic\">\r\n            <a class=\"m-neuron-post__thumbnail--link\" style=\"padding-bottom: 67%;\" href=\"https:\/\/delta-dragun.hr\/de\/portfolio\/zaunstein\/\"><div class=\"m-neuron-post__thumbnail\"><img decoding=\"async\" width=\"1920\" height=\"1280\" src=\"https:\/\/delta-dragun.hr\/wp-content\/uploads\/2023\/07\/DSC_9616.webp\" class=\"attachment-full size-full wp-post-image\" alt=\"\" srcset=\"https:\/\/delta-dragun.hr\/wp-content\/uploads\/2023\/07\/DSC_9616.webp 1920w, https:\/\/delta-dragun.hr\/wp-content\/uploads\/2023\/07\/DSC_9616-300x200.webp 300w, https:\/\/delta-dragun.hr\/wp-content\/uploads\/2023\/07\/DSC_9616-1024x683.webp 1024w, https:\/\/delta-dragun.hr\/wp-content\/uploads\/2023\/07\/DSC_9616-768x512.webp 768w, https:\/\/delta-dragun.hr\/wp-content\/uploads\/2023\/07\/DSC_9616-1536x1024.webp 1536w, https:\/\/delta-dragun.hr\/wp-content\/uploads\/2023\/07\/DSC_9616-600x400.webp 600w\" sizes=\"(max-width: 1920px) 100vw, 1920px\" \/><\/div><\/a>        <div class=\"m-neuron-post__text\">\r\n            <h6 class=\"m-neuron-post__title\"><a href=\"https:\/\/delta-dragun.hr\/de\/portfolio\/zaunstein\/\">Zaunstein<\/a><\/h6>                                            <\/div>\r\n    <\/div>\t\t\t\t\t\t\t<\/article>\r\n\t\t\t\t\t\t\t\t\t\t\t\t\t\t<article class=\"l-neuron-grid__item h-neuron-animation--wow m-neuron-post post-8600 portfolio type-portfolio status-publish has-post-thumbnail hentry portfolio_category-produkte\" data-id=\"8600\">\r\n\t\t\t\t\t\t\t\t<div class=\"m-neuron-post__inner m-neuron-post__inner--classic\">\r\n            <a class=\"m-neuron-post__thumbnail--link\" style=\"padding-bottom: 67%;\" href=\"https:\/\/delta-dragun.hr\/de\/portfolio\/aussentreppenstein\/\"><div class=\"m-neuron-post__thumbnail\"><img decoding=\"async\" width=\"1920\" height=\"1280\" src=\"https:\/\/delta-dragun.hr\/wp-content\/uploads\/2023\/07\/DSC_9372.webp\" class=\"attachment-full size-full wp-post-image\" alt=\"\" srcset=\"https:\/\/delta-dragun.hr\/wp-content\/uploads\/2023\/07\/DSC_9372.webp 1920w, https:\/\/delta-dragun.hr\/wp-content\/uploads\/2023\/07\/DSC_9372-300x200.webp 300w, https:\/\/delta-dragun.hr\/wp-content\/uploads\/2023\/07\/DSC_9372-1024x683.webp 1024w, https:\/\/delta-dragun.hr\/wp-content\/uploads\/2023\/07\/DSC_9372-768x512.webp 768w, https:\/\/delta-dragun.hr\/wp-content\/uploads\/2023\/07\/DSC_9372-1536x1024.webp 1536w, https:\/\/delta-dragun.hr\/wp-content\/uploads\/2023\/07\/DSC_9372-600x400.webp 600w\" sizes=\"(max-width: 1920px) 100vw, 1920px\" \/><\/div><\/a>        <div class=\"m-neuron-post__text\">\r\n            <h6 class=\"m-neuron-post__title\"><a href=\"https:\/\/delta-dragun.hr\/de\/portfolio\/aussentreppenstein\/\">Au\u00dfentreppenstein<\/a><\/h6>                                            <\/div>\r\n    <\/div>\t\t\t\t\t\t\t<\/article>\r\n\t\t\t\t\t\t\t\t\t\t\t\t\t\t<article class=\"l-neuron-grid__item h-neuron-animation--wow m-neuron-post post-8598 portfolio type-portfolio status-publish has-post-thumbnail hentry portfolio_category-produkte\" data-id=\"8598\">\r\n\t\t\t\t\t\t\t\t<div class=\"m-neuron-post__inner m-neuron-post__inner--classic\">\r\n            <a class=\"m-neuron-post__thumbnail--link\" style=\"padding-bottom: 67%;\" href=\"https:\/\/delta-dragun.hr\/de\/portfolio\/innenstein\/\"><div class=\"m-neuron-post__thumbnail\"><img loading=\"lazy\" decoding=\"async\" width=\"1918\" height=\"1280\" src=\"https:\/\/delta-dragun.hr\/wp-content\/uploads\/2023\/11\/PHOTO-2023-04-19-08-19-51-_3_.webp\" class=\"attachment-full size-full wp-post-image\" alt=\"\" srcset=\"https:\/\/delta-dragun.hr\/wp-content\/uploads\/2023\/11\/PHOTO-2023-04-19-08-19-51-_3_.webp 1918w, https:\/\/delta-dragun.hr\/wp-content\/uploads\/2023\/11\/PHOTO-2023-04-19-08-19-51-_3_-300x200.webp 300w, https:\/\/delta-dragun.hr\/wp-content\/uploads\/2023\/11\/PHOTO-2023-04-19-08-19-51-_3_-1024x683.webp 1024w, https:\/\/delta-dragun.hr\/wp-content\/uploads\/2023\/11\/PHOTO-2023-04-19-08-19-51-_3_-768x513.webp 768w, https:\/\/delta-dragun.hr\/wp-content\/uploads\/2023\/11\/PHOTO-2023-04-19-08-19-51-_3_-1536x1025.webp 1536w, https:\/\/delta-dragun.hr\/wp-content\/uploads\/2023\/11\/PHOTO-2023-04-19-08-19-51-_3_-600x400.webp 600w\" sizes=\"(max-width: 1918px) 100vw, 1918px\" \/><\/div><\/a>        <div class=\"m-neuron-post__text\">\r\n            <h6 class=\"m-neuron-post__title\"><a href=\"https:\/\/delta-dragun.hr\/de\/portfolio\/innenstein\/\">Innenstein<\/a><\/h6>                                            <\/div>\r\n    <\/div>\t\t\t\t\t\t\t<\/article>\r\n\t\t\t\t\t\t\t\t\t\t\t\t\t\t<article class=\"l-neuron-grid__item h-neuron-animation--wow m-neuron-post post-8596 portfolio type-portfolio status-publish has-post-thumbnail hentry portfolio_category-produkte\" data-id=\"8596\">\r\n\t\t\t\t\t\t\t\t<div class=\"m-neuron-post__inner m-neuron-post__inner--classic\">\r\n            <a class=\"m-neuron-post__thumbnail--link\" style=\"padding-bottom: 67%;\" href=\"https:\/\/delta-dragun.hr\/de\/portfolio\/steinboden\/\"><div class=\"m-neuron-post__thumbnail\"><img loading=\"lazy\" decoding=\"async\" width=\"1620\" height=\"1080\" src=\"https:\/\/delta-dragun.hr\/wp-content\/uploads\/2023\/11\/DSC_9818.webp\" class=\"attachment-full size-full wp-post-image\" alt=\"\" srcset=\"https:\/\/delta-dragun.hr\/wp-content\/uploads\/2023\/11\/DSC_9818.webp 1620w, https:\/\/delta-dragun.hr\/wp-content\/uploads\/2023\/11\/DSC_9818-300x200.webp 300w, https:\/\/delta-dragun.hr\/wp-content\/uploads\/2023\/11\/DSC_9818-1024x683.webp 1024w, https:\/\/delta-dragun.hr\/wp-content\/uploads\/2023\/11\/DSC_9818-768x512.webp 768w, https:\/\/delta-dragun.hr\/wp-content\/uploads\/2023\/11\/DSC_9818-1536x1024.webp 1536w\" sizes=\"(max-width: 1620px) 100vw, 1620px\" \/><\/div><\/a>        <div class=\"m-neuron-post__text\">\r\n            <h6 class=\"m-neuron-post__title\"><a href=\"https:\/\/delta-dragun.hr\/de\/portfolio\/steinboden\/\">Steinb\u00f6den<\/a><\/h6>                                            <\/div>\r\n    <\/div>\t\t\t\t\t\t\t<\/article>\r\n\t\t\t\t\t\t\t\t\t\t\t\t\t\t<article class=\"l-neuron-grid__item h-neuron-animation--wow m-neuron-post post-8594 portfolio type-portfolio status-publish has-post-thumbnail hentry portfolio_category-produkte\" data-id=\"8594\">\r\n\t\t\t\t\t\t\t\t<div class=\"m-neuron-post__inner m-neuron-post__inner--classic\">\r\n            <a class=\"m-neuron-post__thumbnail--link\" style=\"padding-bottom: 67%;\" href=\"https:\/\/delta-dragun.hr\/de\/portfolio\/innentreppenstein\/\"><div class=\"m-neuron-post__thumbnail\"><img loading=\"lazy\" decoding=\"async\" width=\"1918\" height=\"1280\" src=\"https:\/\/delta-dragun.hr\/wp-content\/uploads\/2023\/11\/PHOTO-2023-04-19-08-18-39.webp\" class=\"attachment-full size-full wp-post-image\" alt=\"\" srcset=\"https:\/\/delta-dragun.hr\/wp-content\/uploads\/2023\/11\/PHOTO-2023-04-19-08-18-39.webp 1918w, https:\/\/delta-dragun.hr\/wp-content\/uploads\/2023\/11\/PHOTO-2023-04-19-08-18-39-300x200.webp 300w, https:\/\/delta-dragun.hr\/wp-content\/uploads\/2023\/11\/PHOTO-2023-04-19-08-18-39-1024x683.webp 1024w, https:\/\/delta-dragun.hr\/wp-content\/uploads\/2023\/11\/PHOTO-2023-04-19-08-18-39-768x513.webp 768w, https:\/\/delta-dragun.hr\/wp-content\/uploads\/2023\/11\/PHOTO-2023-04-19-08-18-39-1536x1025.webp 1536w, https:\/\/delta-dragun.hr\/wp-content\/uploads\/2023\/11\/PHOTO-2023-04-19-08-18-39-600x400.webp 600w\" sizes=\"(max-width: 1918px) 100vw, 1918px\" \/><\/div><\/a>        <div class=\"m-neuron-post__text\">\r\n            <h6 class=\"m-neuron-post__title\"><a href=\"https:\/\/delta-dragun.hr\/de\/portfolio\/innentreppenstein\/\">Innentreppenstein<\/a><\/h6>                                            <\/div>\r\n    <\/div>\t\t\t\t\t\t\t<\/article>\r\n\t\t\t\t\t\t\t\t\t\t\t\t\t\t<article class=\"l-neuron-grid__item h-neuron-animation--wow m-neuron-post post-8592 portfolio type-portfolio status-publish has-post-thumbnail hentry portfolio_category-produkte\" data-id=\"8592\">\r\n\t\t\t\t\t\t\t\t<div class=\"m-neuron-post__inner m-neuron-post__inner--classic\">\r\n            <a class=\"m-neuron-post__thumbnail--link\" style=\"padding-bottom: 67%;\" href=\"https:\/\/delta-dragun.hr\/de\/portfolio\/steinblocke\/\"><div class=\"m-neuron-post__thumbnail\"><img loading=\"lazy\" decoding=\"async\" width=\"1620\" height=\"1080\" src=\"https:\/\/delta-dragun.hr\/wp-content\/uploads\/2023\/10\/DSC_9574-copy-1.webp\" class=\"attachment-full size-full wp-post-image\" alt=\"\" srcset=\"https:\/\/delta-dragun.hr\/wp-content\/uploads\/2023\/10\/DSC_9574-copy-1.webp 1620w, https:\/\/delta-dragun.hr\/wp-content\/uploads\/2023\/10\/DSC_9574-copy-1-300x200.webp 300w, https:\/\/delta-dragun.hr\/wp-content\/uploads\/2023\/10\/DSC_9574-copy-1-1024x683.webp 1024w, https:\/\/delta-dragun.hr\/wp-content\/uploads\/2023\/10\/DSC_9574-copy-1-768x512.webp 768w, https:\/\/delta-dragun.hr\/wp-content\/uploads\/2023\/10\/DSC_9574-copy-1-1536x1024.webp 1536w, https:\/\/delta-dragun.hr\/wp-content\/uploads\/2023\/10\/DSC_9574-copy-1-600x400.webp 600w\" sizes=\"(max-width: 1620px) 100vw, 1620px\" \/><\/div><\/a>        <div class=\"m-neuron-post__text\">\r\n            <h6 class=\"m-neuron-post__title\"><a href=\"https:\/\/delta-dragun.hr\/de\/portfolio\/steinblocke\/\">Steinbl\u00f6cke<\/a><\/h6>                                            <\/div>\r\n    <\/div>\t\t\t\t\t\t\t<\/article>\r\n\t\t\t\t\t\t\t\t\t\t\t\t\t\t<article class=\"l-neuron-grid__item h-neuron-animation--wow m-neuron-post post-8590 portfolio type-portfolio status-publish has-post-thumbnail hentry portfolio_category-produkte\" data-id=\"8590\">\r\n\t\t\t\t\t\t\t\t<div class=\"m-neuron-post__inner m-neuron-post__inner--classic\">\r\n            <a class=\"m-neuron-post__thumbnail--link\" style=\"padding-bottom: 67%;\" href=\"https:\/\/delta-dragun.hr\/de\/portfolio\/pool-steine\/\"><div class=\"m-neuron-post__thumbnail\"><img loading=\"lazy\" decoding=\"async\" width=\"1920\" height=\"1280\" src=\"https:\/\/delta-dragun.hr\/wp-content\/uploads\/2023\/11\/DSC_0736.webp\" class=\"attachment-full size-full wp-post-image\" alt=\"\" srcset=\"https:\/\/delta-dragun.hr\/wp-content\/uploads\/2023\/11\/DSC_0736.webp 1920w, https:\/\/delta-dragun.hr\/wp-content\/uploads\/2023\/11\/DSC_0736-300x200.webp 300w, https:\/\/delta-dragun.hr\/wp-content\/uploads\/2023\/11\/DSC_0736-1024x683.webp 1024w, https:\/\/delta-dragun.hr\/wp-content\/uploads\/2023\/11\/DSC_0736-768x512.webp 768w, https:\/\/delta-dragun.hr\/wp-content\/uploads\/2023\/11\/DSC_0736-1536x1024.webp 1536w, https:\/\/delta-dragun.hr\/wp-content\/uploads\/2023\/11\/DSC_0736-600x400.webp 600w\" sizes=\"(max-width: 1920px) 100vw, 1920px\" \/><\/div><\/a>        <div class=\"m-neuron-post__text\">\r\n            <h6 class=\"m-neuron-post__title\"><a href=\"https:\/\/delta-dragun.hr\/de\/portfolio\/pool-steine\/\">Pool Steine<\/a><\/h6>                                            <\/div>\r\n    <\/div>\t\t\t\t\t\t\t<\/article>\r\n\t\t\t\t\t\t\t\t\t\t\t\t\t\t<article class=\"l-neuron-grid__item h-neuron-animation--wow m-neuron-post post-8588 portfolio type-portfolio status-publish has-post-thumbnail hentry portfolio_category-produkte portfolio_tag-spomenici-de\" data-id=\"8588\">\r\n\t\t\t\t\t\t\t\t<div class=\"m-neuron-post__inner m-neuron-post__inner--classic\">\r\n            <a class=\"m-neuron-post__thumbnail--link\" style=\"padding-bottom: 67%;\" href=\"https:\/\/delta-dragun.hr\/de\/portfolio\/offentliche-flachen-und-denkmaler\/\"><div class=\"m-neuron-post__thumbnail\"><img loading=\"lazy\" decoding=\"async\" width=\"1620\" height=\"1080\" src=\"https:\/\/delta-dragun.hr\/wp-content\/uploads\/2023\/11\/DSC_0589.webp\" class=\"attachment-full size-full wp-post-image\" alt=\"\" srcset=\"https:\/\/delta-dragun.hr\/wp-content\/uploads\/2023\/11\/DSC_0589.webp 1620w, https:\/\/delta-dragun.hr\/wp-content\/uploads\/2023\/11\/DSC_0589-300x200.webp 300w, https:\/\/delta-dragun.hr\/wp-content\/uploads\/2023\/11\/DSC_0589-1024x683.webp 1024w, https:\/\/delta-dragun.hr\/wp-content\/uploads\/2023\/11\/DSC_0589-768x512.webp 768w, https:\/\/delta-dragun.hr\/wp-content\/uploads\/2023\/11\/DSC_0589-1536x1024.webp 1536w\" sizes=\"(max-width: 1620px) 100vw, 1620px\" \/><\/div><\/a>        <div class=\"m-neuron-post__text\">\r\n            <h6 class=\"m-neuron-post__title\"><a href=\"https:\/\/delta-dragun.hr\/de\/portfolio\/offentliche-flachen-und-denkmaler\/\">\u00d6ffentliche Fl\u00e4chen und Denkm\u00e4ler<\/a><\/h6>                                            <\/div>\r\n    <\/div>\t\t\t\t\t\t\t<\/article>\r\n\t\t\t\t\t\t\t\t\t\t\t\t\t\t<article class=\"l-neuron-grid__item h-neuron-animation--wow m-neuron-post post-8586 portfolio type-portfolio status-publish has-post-thumbnail hentry portfolio_category-produkte portfolio_tag-raznoliki-kameni-proizvodi-de\" data-id=\"8586\">\r\n\t\t\t\t\t\t\t\t<div class=\"m-neuron-post__inner m-neuron-post__inner--classic\">\r\n            <a class=\"m-neuron-post__thumbnail--link\" style=\"padding-bottom: 67%;\" href=\"https:\/\/delta-dragun.hr\/de\/portfolio\/vielfaltige-steinprodukte\/\"><div class=\"m-neuron-post__thumbnail\"><img loading=\"lazy\" decoding=\"async\" width=\"1920\" height=\"1280\" src=\"https:\/\/delta-dragun.hr\/wp-content\/uploads\/2023\/11\/DSC_0625.webp\" class=\"attachment-full size-full wp-post-image\" alt=\"\" srcset=\"https:\/\/delta-dragun.hr\/wp-content\/uploads\/2023\/11\/DSC_0625.webp 1920w, https:\/\/delta-dragun.hr\/wp-content\/uploads\/2023\/11\/DSC_0625-300x200.webp 300w, https:\/\/delta-dragun.hr\/wp-content\/uploads\/2023\/11\/DSC_0625-1024x683.webp 1024w, https:\/\/delta-dragun.hr\/wp-content\/uploads\/2023\/11\/DSC_0625-768x512.webp 768w, https:\/\/delta-dragun.hr\/wp-content\/uploads\/2023\/11\/DSC_0625-1536x1024.webp 1536w, https:\/\/delta-dragun.hr\/wp-content\/uploads\/2023\/11\/DSC_0625-600x400.webp 600w\" sizes=\"(max-width: 1920px) 100vw, 1920px\" \/><\/div><\/a>        <div class=\"m-neuron-post__text\">\r\n            <h6 class=\"m-neuron-post__title\"><a href=\"https:\/\/delta-dragun.hr\/de\/portfolio\/vielfaltige-steinprodukte\/\">Vielf\u00e4ltige Steinprodukte<\/a><\/h6>                                            <\/div>\r\n    <\/div>\t\t\t\t\t\t\t<\/article>\r\n\t\t\t\t\t\t\t\t\t\t\t<\/div>\r\n\t\t\t\r\n\t\t\t\t\t\t<\/div>\n\t\t\t\t<\/div>\n\t\t\t\t\t<\/div>\n\t\t<\/div>\n\t\t\t\t\t<\/div>\n\t\t<\/section>\n\t\t\t\t<\/div>\n\t\t","protected":false},"excerpt":{"rendered":"<p>HOME Produkte Unsere Produkte Fassadenstein Zaunstein Au\u00dfentreppenstein Innenstein Steinb\u00f6den Innentreppenstein Steinbl\u00f6cke Pool Steine \u00d6ffentliche Fl\u00e4chen und Denkm\u00e4ler Vielf\u00e4ltige Steinprodukte<\/p>\n","protected":false},"author":1,"featured_media":0,"parent":0,"menu_order":0,"comment_status":"closed","ping_status":"closed","template":"","meta":{"footnotes":""},"class_list":["post-8434","page","type-page","status-publish","hentry"],"_links":{"self":[{"href":"https:\/\/delta-dragun.hr\/de\/wp-json\/wp\/v2\/pages\/8434","targetHints":{"allow":["GET"]}}],"collection":[{"href":"https:\/\/delta-dragun.hr\/de\/wp-json\/wp\/v2\/pages"}],"about":[{"href":"https:\/\/delta-dragun.hr\/de\/wp-json\/wp\/v2\/types\/page"}],"author":[{"embeddable":true,"href":"https:\/\/delta-dragun.hr\/de\/wp-json\/wp\/v2\/users\/1"}],"replies":[{"embeddable":true,"href":"https:\/\/delta-dragun.hr\/de\/wp-json\/wp\/v2\/comments?post=8434"}],"version-history":[{"count":7,"href":"https:\/\/delta-dragun.hr\/de\/wp-json\/wp\/v2\/pages\/8434\/revisions"}],"predecessor-version":[{"id":8796,"href":"https:\/\/delta-dragun.hr\/de\/wp-json\/wp\/v2\/pages\/8434\/revisions\/8796"}],"wp:attachment":[{"href":"https:\/\/delta-dragun.hr\/de\/wp-json\/wp\/v2\/media?parent=8434"}],"curies":[{"name":"wp","href":"https:\/\/api.w.org\/{rel}","templated":true}]}}