{"id":8388,"date":"2023-07-25T07:56:01","date_gmt":"2023-07-25T07:56:01","guid":{"rendered":"https:\/\/delta-dragun.hr\/faq\/"},"modified":"2023-11-29T18:29:49","modified_gmt":"2023-11-29T18:29:49","slug":"haufig-gestellte-fragen","status":"publish","type":"page","link":"https:\/\/delta-dragun.hr\/de\/haufig-gestellte-fragen\/","title":{"rendered":"H\u00e4ufig gestellte Fragen"},"content":{"rendered":"\t\t<div data-elementor-type=\"wp-page\" data-elementor-id=\"8388\" class=\"elementor elementor-8388\">\n\t\t\t\t\t\t<section class=\"elementor-section elementor-top-section elementor-element elementor-element-56952ae elementor-section-full_width elementor-section-height-default elementor-section-height-default elementor-invisible\" data-id=\"56952ae\" data-element_type=\"section\" data-settings=\"{&quot;animation&quot;:&quot;h-neuron-animation--slideUp&quot;}\">\n\t\t\t\t\t\t<div class=\"elementor-container elementor-column-gap-no\">\n\t\t\t\t\t<div class=\"elementor-column elementor-col-100 elementor-top-column elementor-element elementor-element-ba31849\" data-id=\"ba31849\" data-element_type=\"column\">\n\t\t\t<div class=\"elementor-widget-wrap elementor-element-populated\">\n\t\t\t\t\t\t<div class=\"elementor-element elementor-element-1905544 m-neuron-portfolio__overlay--active m-neuron-portfolio__overlay--color neuron-dots--animation__none neuron-swiper--overflow-hidden neuron-swiper--tablet-overflow-hidden neuron-swiper--mobile-overflow-hidden m-neuron-portfolio--hover-translate neuron-dots--style__bullets neuron-dots--orientation__horizontal elementor-widget elementor-widget-neuron-portfolio\" data-id=\"1905544\" data-element_type=\"widget\" data-settings=\"{&quot;slides_per_view&quot;:&quot;1&quot;,&quot;carousel&quot;:&quot;yes&quot;,&quot;navigation&quot;:&quot;dots&quot;,&quot;space_between&quot;:{&quot;unit&quot;:&quot;px&quot;,&quot;size&quot;:0,&quot;sizes&quot;:[]},&quot;slides_per_view_tablet&quot;:&quot;1&quot;,&quot;slides_per_view_mobile&quot;:&quot;1&quot;,&quot;slides_to_scroll&quot;:&quot;1&quot;,&quot;slides_to_scroll_tablet&quot;:&quot;1&quot;,&quot;slides_to_scroll_mobile&quot;:&quot;1&quot;,&quot;infinite&quot;:&quot;no&quot;,&quot;pause_on_hover&quot;:&quot;yes&quot;,&quot;centered_slides&quot;:&quot;no&quot;,&quot;keyboard_navigation&quot;:&quot;yes&quot;,&quot;autoplay&quot;:&quot;no&quot;,&quot;transition_speed&quot;:500,&quot;space_between_tablet&quot;:{&quot;unit&quot;:&quot;px&quot;,&quot;size&quot;:10,&quot;sizes&quot;:[]},&quot;space_between_mobile&quot;:{&quot;unit&quot;:&quot;px&quot;,&quot;size&quot;:10,&quot;sizes&quot;:[]},&quot;neuron_animations&quot;:&quot;h-neuron-animation--slideUp&quot;,&quot;neuron_animations_duration&quot;:&quot;animated&quot;,&quot;animation_delay&quot;:0,&quot;hover_animation&quot;:&quot;translate&quot;,&quot;dots_style&quot;:&quot;bullets&quot;}\" data-widget_type=\"neuron-portfolio.default\">\n\t\t\t\t<div class=\"elementor-widget-container\">\n\t\t\t\t\t\t\t\t\t<div class=\"neuron-swiper\">\r\n\t\t\t<div class=\"neuron-slides-wrapper neuron-main-swiper swiper-container\" data-animation-id=\"85218894755d3cc27d2edb2da7519652\">\r\n\t\t\r\n\t\t\t\t<div class=\"swiper-wrapper neuron-slides\" data-masonry-id=\"85218894755d3cc27d2edb2da7519652\">\r\n\t\t\t\t\t\t\t\t\t\t\t\t<article class=\"swiper-slide m-neuron-portfolio m-neuron-post post-8828 portfolio type-portfolio status-publish has-post-thumbnail hentry portfolio_category-aussenbereich\" data-id=\"8828\">\r\n\t\t\t\t\t\t\t\t<div class=\"m-neuron-post__thumbnail--link m-neuron-portfolio__thumbnail--link\" >\r\n\t\t\t\t\t\t\t\t\t<a class=\"m-neuron-portfolio__link\" href=\"https:\/\/delta-dragun.hr\/de\/portfolio\/zgrada-bibinje-zadar\/\"><\/a>\r\n\t\t\t\t\t\t\t\t\t<div class=\"m-neuron-post__thumbnail m-neuron-portfolio__thumbnail\"><img fetchpriority=\"high\" decoding=\"async\" width=\"1920\" height=\"1280\" src=\"https:\/\/delta-dragun.hr\/wp-content\/uploads\/2023\/07\/DSC_9639.webp\" class=\"attachment-full size-full wp-post-image\" alt=\"\" srcset=\"https:\/\/delta-dragun.hr\/wp-content\/uploads\/2023\/07\/DSC_9639.webp 1920w, https:\/\/delta-dragun.hr\/wp-content\/uploads\/2023\/07\/DSC_9639-300x200.webp 300w, https:\/\/delta-dragun.hr\/wp-content\/uploads\/2023\/07\/DSC_9639-1024x683.webp 1024w, https:\/\/delta-dragun.hr\/wp-content\/uploads\/2023\/07\/DSC_9639-768x512.webp 768w, https:\/\/delta-dragun.hr\/wp-content\/uploads\/2023\/07\/DSC_9639-1536x1024.webp 1536w, https:\/\/delta-dragun.hr\/wp-content\/uploads\/2023\/07\/DSC_9639-600x400.webp 600w\" sizes=\"(max-width: 1920px) 100vw, 1920px\" \/><\/div>\t\t\t\t\t\t\t\t\t<div class=\"m-neuron-portfolio__overlay\">\r\n\t\t\t\t\t\t\t\t\t\t<span class=\"m-neuron-portfolio__category\">Au\u00dfenbereich<\/span><h5 class=\"m-neuron-portfolio__title\">Zgrada Bibinje &#8211; Zadar<\/h5>\t\t\t\t\t\t\t\t\t<\/div>\r\n\t\t\t\t\t\t\t\t<\/div>\r\n\t\t\t\t\t\t\t\t\t\t\t\t\t\t\t<\/article>\r\n\t\t\t\t\t\t\t\t\t\t\t<\/div>\r\n\r\n\t\t\t\t\t\t\t<\/div>\r\n\r\n\t\t\t\r\n\t\t\t\t\t\t\t<div class=\"swiper-pagination neuron-swiper-dots\"><\/div>\r\n\t\t\t\t\t\t\r\n\t\t\t\t\t\t<\/div>\r\n\t\t\r\n\t\t\t\t\t\t<\/div>\n\t\t\t\t<\/div>\n\t\t\t\t\t<\/div>\n\t\t<\/div>\n\t\t\t\t\t<\/div>\n\t\t<\/section>\n\t\t\t\t<section class=\"elementor-section elementor-top-section elementor-element elementor-element-888880f elementor-section-full_width n-ponte-medium--wide elementor-section-height-default elementor-section-height-default elementor-invisible\" data-id=\"888880f\" data-element_type=\"section\" data-settings=\"{&quot;animation&quot;:&quot;h-neuron-animation--slideUp&quot;}\">\n\t\t\t\t\t\t<div class=\"elementor-container elementor-column-gap-no\">\n\t\t\t\t\t<div class=\"elementor-column elementor-col-100 elementor-top-column elementor-element elementor-element-582d69b\" data-id=\"582d69b\" data-element_type=\"column\">\n\t\t\t<div class=\"elementor-widget-wrap elementor-element-populated\">\n\t\t\t\t\t\t<div class=\"elementor-element elementor-element-294b02d elementor-widget elementor-widget-heading\" data-id=\"294b02d\" data-element_type=\"widget\" data-widget_type=\"heading.default\">\n\t\t\t\t<div class=\"elementor-widget-container\">\n\t\t\t\t\t<h2 class=\"elementor-heading-title elementor-size-default\">H\u00e4ufig gestellte Fragen <\/h2>\t\t\t\t<\/div>\n\t\t\t\t<\/div>\n\t\t\t\t<div class=\"elementor-element elementor-element-fd8ed29 elementor-widget elementor-widget-heading\" data-id=\"fd8ed29\" data-element_type=\"widget\" data-widget_type=\"heading.default\">\n\t\t\t\t<div class=\"elementor-widget-container\">\n\t\t\t\t\t<h3 class=\"elementor-heading-title elementor-size-default\">Za\u0161tita i odr\u017eavanje kamena:<\/h3>\t\t\t\t<\/div>\n\t\t\t\t<\/div>\n\t\t\t\t<div class=\"elementor-element elementor-element-71ecdec elementor-widget elementor-widget-toggle\" data-id=\"71ecdec\" data-element_type=\"widget\" data-settings=\"{&quot;motion_fx_motion_fx_scrolling&quot;:&quot;yes&quot;,&quot;motion_fx_devices&quot;:[&quot;desktop&quot;,&quot;tablet&quot;,&quot;mobile&quot;]}\" data-widget_type=\"toggle.default\">\n\t\t\t\t<div class=\"elementor-widget-container\">\n\t\t\t\t\t\t\t<div class=\"elementor-toggle\">\n\t\t\t\t\t\t\t<div class=\"elementor-toggle-item\">\n\t\t\t\t\t<h3 id=\"elementor-tab-title-1191\" class=\"elementor-tab-title\" data-tab=\"1\" role=\"button\" aria-controls=\"elementor-tab-content-1191\" aria-expanded=\"false\">\n\t\t\t\t\t\t\t\t\t\t\t\t<span class=\"elementor-toggle-icon elementor-toggle-icon-right\" aria-hidden=\"true\">\n\t\t\t\t\t\t\t\t\t\t\t\t\t\t\t<span class=\"elementor-toggle-icon-closed\"><\/span>\n\t\t\t\t\t\t\t\t<span class=\"elementor-toggle-icon-opened\"><\/span>\n\t\t\t\t\t\t\t\t\t\t\t\t\t<\/span>\n\t\t\t\t\t\t\t\t\t\t\t\t<a class=\"elementor-toggle-title\" tabindex=\"0\">Wie kann ich den Stein vor Besch\u00e4digungen sch\u00fctzen? <\/a>\n\t\t\t\t\t<\/h3>\n\n\t\t\t\t\t<div id=\"elementor-tab-content-1191\" class=\"elementor-tab-content elementor-clearfix\" data-tab=\"1\" role=\"region\" aria-labelledby=\"elementor-tab-title-1191\"><p>Zum Schutz des Steins wird eine Schutzbeschichtung, d. h. Impr\u00e4gnierung, verwendet. Sie sch\u00fctzt den Stein vor Feuchtigkeit, Flecken und anderen sch\u00e4dlichen Elementen.<\/p><\/div>\n\t\t\t\t<\/div>\n\t\t\t\t\t\t\t<div class=\"elementor-toggle-item\">\n\t\t\t\t\t<h3 id=\"elementor-tab-title-1192\" class=\"elementor-tab-title\" data-tab=\"2\" role=\"button\" aria-controls=\"elementor-tab-content-1192\" aria-expanded=\"false\">\n\t\t\t\t\t\t\t\t\t\t\t\t<span class=\"elementor-toggle-icon elementor-toggle-icon-right\" aria-hidden=\"true\">\n\t\t\t\t\t\t\t\t\t\t\t\t\t\t\t<span class=\"elementor-toggle-icon-closed\"><\/span>\n\t\t\t\t\t\t\t\t<span class=\"elementor-toggle-icon-opened\"><\/span>\n\t\t\t\t\t\t\t\t\t\t\t\t\t<\/span>\n\t\t\t\t\t\t\t\t\t\t\t\t<a class=\"elementor-toggle-title\" tabindex=\"0\">Wie wird der Stein gereinigt und gepflegt? <\/a>\n\t\t\t\t\t<\/h3>\n\n\t\t\t\t\t<div id=\"elementor-tab-content-1192\" class=\"elementor-tab-content elementor-clearfix\" data-tab=\"2\" role=\"region\" aria-labelledby=\"elementor-tab-title-1192\"><p>Stein ist ein langlebiges und pflegeleichtes Material. F\u00fcr die Reinigung reicht es aus, ihn regelm\u00e4\u00dfig mit Wasser ohne abrasive Chemikalien abzusp\u00fclen.<\/p><\/div>\n\t\t\t\t<\/div>\n\t\t\t\t\t\t\t<div class=\"elementor-toggle-item\">\n\t\t\t\t\t<h3 id=\"elementor-tab-title-1193\" class=\"elementor-tab-title\" data-tab=\"3\" role=\"button\" aria-controls=\"elementor-tab-content-1193\" aria-expanded=\"false\">\n\t\t\t\t\t\t\t\t\t\t\t\t<span class=\"elementor-toggle-icon elementor-toggle-icon-right\" aria-hidden=\"true\">\n\t\t\t\t\t\t\t\t\t\t\t\t\t\t\t<span class=\"elementor-toggle-icon-closed\"><\/span>\n\t\t\t\t\t\t\t\t<span class=\"elementor-toggle-icon-opened\"><\/span>\n\t\t\t\t\t\t\t\t\t\t\t\t\t<\/span>\n\t\t\t\t\t\t\t\t\t\t\t\t<a class=\"elementor-toggle-title\" tabindex=\"0\">Beeinflusst die Dicke des Steins seine Haltbarkeit? <\/a>\n\t\t\t\t\t<\/h3>\n\n\t\t\t\t\t<div id=\"elementor-tab-content-1193\" class=\"elementor-tab-content elementor-clearfix\" data-tab=\"3\" role=\"region\" aria-labelledby=\"elementor-tab-title-1193\"><p>Ja, die Dicke des Steins kann verschiedene Rollen spielen: Haltbarkeit und Festigkeit, thermische und akustische Isolierung sowie \u00e4sthetische Funktion. Eine gr\u00f6\u00dfere Dicke erh\u00f6ht die Haltbarkeit und Festigkeit, verbessert die Isolierung und tr\u00e4gt auch durch seine Masse zu einem besseren visuellen Effekt bei.<\/p><\/div>\n\t\t\t\t<\/div>\n\t\t\t\t\t\t\t<div class=\"elementor-toggle-item\">\n\t\t\t\t\t<h3 id=\"elementor-tab-title-1194\" class=\"elementor-tab-title\" data-tab=\"4\" role=\"button\" aria-controls=\"elementor-tab-content-1194\" aria-expanded=\"false\">\n\t\t\t\t\t\t\t\t\t\t\t\t<span class=\"elementor-toggle-icon elementor-toggle-icon-right\" aria-hidden=\"true\">\n\t\t\t\t\t\t\t\t\t\t\t\t\t\t\t<span class=\"elementor-toggle-icon-closed\"><\/span>\n\t\t\t\t\t\t\t\t<span class=\"elementor-toggle-icon-opened\"><\/span>\n\t\t\t\t\t\t\t\t\t\t\t\t\t<\/span>\n\t\t\t\t\t\t\t\t\t\t\t\t<a class=\"elementor-toggle-title\" tabindex=\"0\">Welche Steinbearbeitung sollte ich je nach Aufstellort w\u00e4hlen? <\/a>\n\t\t\t\t\t<\/h3>\n\n\t\t\t\t\t<div id=\"elementor-tab-content-1194\" class=\"elementor-tab-content elementor-clearfix\" data-tab=\"4\" role=\"region\" aria-labelledby=\"elementor-tab-title-1194\"><p>F\u00fcr Bodenbel\u00e4ge und Bereiche, in denen Rutschgefahr besteht, sind &#8222;grobe&#8220; Bearbeitungen wie gespitzt, gespitzt-geb\u00fcrstet, sandgestrahlt-geb\u00fcrstet empfehlenswert, w\u00e4hrend f\u00fcr andere Anwendungen die Art der Bearbeitung vom Geschmack des Kunden abh\u00e4ngt.<\/p><\/div>\n\t\t\t\t<\/div>\n\t\t\t\t\t\t\t<div class=\"elementor-toggle-item\">\n\t\t\t\t\t<h3 id=\"elementor-tab-title-1195\" class=\"elementor-tab-title\" data-tab=\"5\" role=\"button\" aria-controls=\"elementor-tab-content-1195\" aria-expanded=\"false\">\n\t\t\t\t\t\t\t\t\t\t\t\t<span class=\"elementor-toggle-icon elementor-toggle-icon-right\" aria-hidden=\"true\">\n\t\t\t\t\t\t\t\t\t\t\t\t\t\t\t<span class=\"elementor-toggle-icon-closed\"><\/span>\n\t\t\t\t\t\t\t\t<span class=\"elementor-toggle-icon-opened\"><\/span>\n\t\t\t\t\t\t\t\t\t\t\t\t\t<\/span>\n\t\t\t\t\t\t\t\t\t\t\t\t<a class=\"elementor-toggle-title\" tabindex=\"0\">Welche Steinbearbeitungen sind auf dem Markt erh\u00e4ltlich? <\/a>\n\t\t\t\t\t<\/h3>\n\n\t\t\t\t\t<div id=\"elementor-tab-content-1195\" class=\"elementor-tab-content elementor-clearfix\" data-tab=\"5\" role=\"region\" aria-labelledby=\"elementor-tab-title-1195\"><p>Verf\u00fcgbare Steinbearbeitungen sind: poliert, gespitzt, geb\u00fcrstet, geschliffen, sandgestrahlt, sandgestrahlt-geb\u00fcrstet, gespitzt-geb\u00fcrstet.<\/p><\/div>\n\t\t\t\t<\/div>\n\t\t\t\t\t\t\t\t\t\t<script type=\"application\/ld+json\">{\"@context\":\"https:\\\/\\\/schema.org\",\"@type\":\"FAQPage\",\"mainEntity\":[{\"@type\":\"Question\",\"name\":\"Wie kann ich den Stein vor Besch\\u00e4digungen sch\\u00fctzen?\",\"acceptedAnswer\":{\"@type\":\"Answer\",\"text\":\"<p>Zum Schutz des Steins wird eine Schutzbeschichtung, d. h. Impr\\u00e4gnierung, verwendet. Sie sch\\u00fctzt den Stein vor Feuchtigkeit, Flecken und anderen sch\\u00e4dlichen Elementen.<\\\/p>\"}},{\"@type\":\"Question\",\"name\":\"Wie wird der Stein gereinigt und gepflegt?\",\"acceptedAnswer\":{\"@type\":\"Answer\",\"text\":\"<p>Stein ist ein langlebiges und pflegeleichtes Material. F\\u00fcr die Reinigung reicht es aus, ihn regelm\\u00e4\\u00dfig mit Wasser ohne abrasive Chemikalien abzusp\\u00fclen.<\\\/p>\"}},{\"@type\":\"Question\",\"name\":\"Beeinflusst die Dicke des Steins seine Haltbarkeit?\",\"acceptedAnswer\":{\"@type\":\"Answer\",\"text\":\"<p>Ja, die Dicke des Steins kann verschiedene Rollen spielen: Haltbarkeit und Festigkeit, thermische und akustische Isolierung sowie \\u00e4sthetische Funktion. Eine gr\\u00f6\\u00dfere Dicke erh\\u00f6ht die Haltbarkeit und Festigkeit, verbessert die Isolierung und tr\\u00e4gt auch durch seine Masse zu einem besseren visuellen Effekt bei.<\\\/p>\"}},{\"@type\":\"Question\",\"name\":\"Welche Steinbearbeitung sollte ich je nach Aufstellort w\\u00e4hlen?\",\"acceptedAnswer\":{\"@type\":\"Answer\",\"text\":\"<p>F\\u00fcr Bodenbel\\u00e4ge und Bereiche, in denen Rutschgefahr besteht, sind &#8222;grobe&#8220; Bearbeitungen wie gespitzt, gespitzt-geb\\u00fcrstet, sandgestrahlt-geb\\u00fcrstet empfehlenswert, w\\u00e4hrend f\\u00fcr andere Anwendungen die Art der Bearbeitung vom Geschmack des Kunden abh\\u00e4ngt.<\\\/p>\"}},{\"@type\":\"Question\",\"name\":\"Welche Steinbearbeitungen sind auf dem Markt erh\\u00e4ltlich?\",\"acceptedAnswer\":{\"@type\":\"Answer\",\"text\":\"<p>Verf\\u00fcgbare Steinbearbeitungen sind: poliert, gespitzt, geb\\u00fcrstet, geschliffen, sandgestrahlt, sandgestrahlt-geb\\u00fcrstet, gespitzt-geb\\u00fcrstet.<\\\/p>\"}}]}<\/script>\n\t\t\t\t\t<\/div>\n\t\t\t\t\t\t<\/div>\n\t\t\t\t<\/div>\n\t\t\t\t<div class=\"elementor-element elementor-element-5012736 elementor-widget elementor-widget-spacer\" data-id=\"5012736\" data-element_type=\"widget\" data-widget_type=\"spacer.default\">\n\t\t\t\t<div class=\"elementor-widget-container\">\n\t\t\t\t\t\t\t<div class=\"elementor-spacer\">\n\t\t\t<div class=\"elementor-spacer-inner\"><\/div>\n\t\t<\/div>\n\t\t\t\t\t\t<\/div>\n\t\t\t\t<\/div>\n\t\t\t\t<div class=\"elementor-element elementor-element-a0cb3ec elementor-widget elementor-widget-heading\" data-id=\"a0cb3ec\" data-element_type=\"widget\" data-widget_type=\"heading.default\">\n\t\t\t\t<div class=\"elementor-widget-container\">\n\t\t\t\t\t<h3 class=\"elementor-heading-title elementor-size-default\">Kategorije proizvoda od kamena:<\/h3>\t\t\t\t<\/div>\n\t\t\t\t<\/div>\n\t\t\t\t<div class=\"elementor-element elementor-element-abb3bf1 elementor-widget elementor-widget-toggle\" data-id=\"abb3bf1\" data-element_type=\"widget\" data-widget_type=\"toggle.default\">\n\t\t\t\t<div class=\"elementor-widget-container\">\n\t\t\t\t\t\t\t<div class=\"elementor-toggle\">\n\t\t\t\t\t\t\t<div class=\"elementor-toggle-item\">\n\t\t\t\t\t<div id=\"elementor-tab-title-1801\" class=\"elementor-tab-title\" data-tab=\"1\" role=\"button\" aria-controls=\"elementor-tab-content-1801\" aria-expanded=\"false\">\n\t\t\t\t\t\t\t\t\t\t\t\t<span class=\"elementor-toggle-icon elementor-toggle-icon-right\" aria-hidden=\"true\">\n\t\t\t\t\t\t\t\t\t\t\t\t\t\t\t<span class=\"elementor-toggle-icon-closed\"><i class=\"n-icon n-icon-plus\"><\/i><\/span>\n\t\t\t\t\t\t\t\t<span class=\"elementor-toggle-icon-opened\"><i class=\"elementor-toggle-icon-opened n-icon n-icon-dash\"><\/i><\/span>\n\t\t\t\t\t\t\t\t\t\t\t\t\t<\/span>\n\t\t\t\t\t\t\t\t\t\t\t\t<a class=\"elementor-toggle-title\" tabindex=\"0\">Kakvi su kameni blokovi i gdje se naj\u010de\u0161\u0107e koriste?<\/a>\n\t\t\t\t\t<\/div>\n\n\t\t\t\t\t<div id=\"elementor-tab-content-1801\" class=\"elementor-tab-content elementor-clearfix\" data-tab=\"1\" role=\"region\" aria-labelledby=\"elementor-tab-title-1801\"><p>Kameni blokovi su masivni komadi kamena koji se \u010desto koriste kao osnovni materijal za daljnju obradu u razli\u010dite proizvode ili za gra\u0111evinske svrhe.<\/p><\/div>\n\t\t\t\t<\/div>\n\t\t\t\t\t\t\t<div class=\"elementor-toggle-item\">\n\t\t\t\t\t<div id=\"elementor-tab-title-1802\" class=\"elementor-tab-title\" data-tab=\"2\" role=\"button\" aria-controls=\"elementor-tab-content-1802\" aria-expanded=\"false\">\n\t\t\t\t\t\t\t\t\t\t\t\t<span class=\"elementor-toggle-icon elementor-toggle-icon-right\" aria-hidden=\"true\">\n\t\t\t\t\t\t\t\t\t\t\t\t\t\t\t<span class=\"elementor-toggle-icon-closed\"><i class=\"n-icon n-icon-plus\"><\/i><\/span>\n\t\t\t\t\t\t\t\t<span class=\"elementor-toggle-icon-opened\"><i class=\"elementor-toggle-icon-opened n-icon n-icon-dash\"><\/i><\/span>\n\t\t\t\t\t\t\t\t\t\t\t\t\t<\/span>\n\t\t\t\t\t\t\t\t\t\t\t\t<a class=\"elementor-toggle-title\" tabindex=\"0\">Kakve vrste kamena preporu\u010dujete za fasade?<\/a>\n\t\t\t\t\t<\/div>\n\n\t\t\t\t\t<div id=\"elementor-tab-content-1802\" class=\"elementor-tab-content elementor-clearfix\" data-tab=\"2\" role=\"region\" aria-labelledby=\"elementor-tab-title-1802\"><p>Za fasade se preporu\u010duju kameni proizvodi koji su otporni na vremenske uvjete i pru\u017eaju estetski izgled.<\/p><\/div>\n\t\t\t\t<\/div>\n\t\t\t\t\t\t\t<div class=\"elementor-toggle-item\">\n\t\t\t\t\t<div id=\"elementor-tab-title-1803\" class=\"elementor-tab-title\" data-tab=\"3\" role=\"button\" aria-controls=\"elementor-tab-content-1803\" aria-expanded=\"false\">\n\t\t\t\t\t\t\t\t\t\t\t\t<span class=\"elementor-toggle-icon elementor-toggle-icon-right\" aria-hidden=\"true\">\n\t\t\t\t\t\t\t\t\t\t\t\t\t\t\t<span class=\"elementor-toggle-icon-closed\"><i class=\"n-icon n-icon-plus\"><\/i><\/span>\n\t\t\t\t\t\t\t\t<span class=\"elementor-toggle-icon-opened\"><i class=\"elementor-toggle-icon-opened n-icon n-icon-dash\"><\/i><\/span>\n\t\t\t\t\t\t\t\t\t\t\t\t\t<\/span>\n\t\t\t\t\t\t\t\t\t\t\t\t<a class=\"elementor-toggle-title\" tabindex=\"0\">Koji kamen je najbolji za podove?<\/a>\n\t\t\t\t\t<\/div>\n\n\t\t\t\t\t<div id=\"elementor-tab-content-1803\" class=\"elementor-tab-content elementor-clearfix\" data-tab=\"3\" role=\"region\" aria-labelledby=\"elementor-tab-title-1803\"><p>Kamen za podove trebao bi biti izdr\u017eljiv, otporan na habanje te pru\u017eati odgovaraju\u0107u povr\u0161insku obradu kako bi smanjio opasnost od klizanja.<\/p><\/div>\n\t\t\t\t<\/div>\n\t\t\t\t\t\t\t<div class=\"elementor-toggle-item\">\n\t\t\t\t\t<div id=\"elementor-tab-title-1804\" class=\"elementor-tab-title\" data-tab=\"4\" role=\"button\" aria-controls=\"elementor-tab-content-1804\" aria-expanded=\"false\">\n\t\t\t\t\t\t\t\t\t\t\t\t<span class=\"elementor-toggle-icon elementor-toggle-icon-right\" aria-hidden=\"true\">\n\t\t\t\t\t\t\t\t\t\t\t\t\t\t\t<span class=\"elementor-toggle-icon-closed\"><i class=\"n-icon n-icon-plus\"><\/i><\/span>\n\t\t\t\t\t\t\t\t<span class=\"elementor-toggle-icon-opened\"><i class=\"elementor-toggle-icon-opened n-icon n-icon-dash\"><\/i><\/span>\n\t\t\t\t\t\t\t\t\t\t\t\t\t<\/span>\n\t\t\t\t\t\t\t\t\t\t\t\t<a class=\"elementor-toggle-title\" tabindex=\"0\">Mogu li koristiti bilo koji kamen za stepeni\u0161ta?<\/a>\n\t\t\t\t\t<\/div>\n\n\t\t\t\t\t<div id=\"elementor-tab-content-1804\" class=\"elementor-tab-content elementor-clearfix\" data-tab=\"4\" role=\"region\" aria-labelledby=\"elementor-tab-title-1804\"><p>Za stepeni\u0161ta je va\u017eno izabrati kamen koji je izdr\u017eljiv, ima dobru protukliznost i estetski je primjeren prostoru.<\/p><\/div>\n\t\t\t\t<\/div>\n\t\t\t\t\t\t\t<div class=\"elementor-toggle-item\">\n\t\t\t\t\t<div id=\"elementor-tab-title-1805\" class=\"elementor-tab-title\" data-tab=\"5\" role=\"button\" aria-controls=\"elementor-tab-content-1805\" aria-expanded=\"false\">\n\t\t\t\t\t\t\t\t\t\t\t\t<span class=\"elementor-toggle-icon elementor-toggle-icon-right\" aria-hidden=\"true\">\n\t\t\t\t\t\t\t\t\t\t\t\t\t\t\t<span class=\"elementor-toggle-icon-closed\"><i class=\"n-icon n-icon-plus\"><\/i><\/span>\n\t\t\t\t\t\t\t\t<span class=\"elementor-toggle-icon-opened\"><i class=\"elementor-toggle-icon-opened n-icon n-icon-dash\"><\/i><\/span>\n\t\t\t\t\t\t\t\t\t\t\t\t\t<\/span>\n\t\t\t\t\t\t\t\t\t\t\t\t<a class=\"elementor-toggle-title\" tabindex=\"0\">Kakav kamen preporu\u010dujete za bazene?<\/a>\n\t\t\t\t\t<\/div>\n\n\t\t\t\t\t<div id=\"elementor-tab-content-1805\" class=\"elementor-tab-content elementor-clearfix\" data-tab=\"5\" role=\"region\" aria-labelledby=\"elementor-tab-title-1805\"><p>Za bazene se preporu\u010duje kamen koji je otporan na vlagu, kemikalije iz bazenske vode i koji pru\u017ea sigurnu povr\u0161inu bez klizanja.<\/p><\/div>\n\t\t\t\t<\/div>\n\t\t\t\t\t\t\t<div class=\"elementor-toggle-item\">\n\t\t\t\t\t<div id=\"elementor-tab-title-1806\" class=\"elementor-tab-title\" data-tab=\"6\" role=\"button\" aria-controls=\"elementor-tab-content-1806\" aria-expanded=\"false\">\n\t\t\t\t\t\t\t\t\t\t\t\t<span class=\"elementor-toggle-icon elementor-toggle-icon-right\" aria-hidden=\"true\">\n\t\t\t\t\t\t\t\t\t\t\t\t\t\t\t<span class=\"elementor-toggle-icon-closed\"><i class=\"n-icon n-icon-plus\"><\/i><\/span>\n\t\t\t\t\t\t\t\t<span class=\"elementor-toggle-icon-opened\"><i class=\"elementor-toggle-icon-opened n-icon n-icon-dash\"><\/i><\/span>\n\t\t\t\t\t\t\t\t\t\t\t\t\t<\/span>\n\t\t\t\t\t\t\t\t\t\t\t\t<a class=\"elementor-toggle-title\" tabindex=\"0\">Postoji li specifi\u010dan kamen koji se koristi za javne povr\u0161ine?<\/a>\n\t\t\t\t\t<\/div>\n\n\t\t\t\t\t<div id=\"elementor-tab-content-1806\" class=\"elementor-tab-content elementor-clearfix\" data-tab=\"6\" role=\"region\" aria-labelledby=\"elementor-tab-title-1806\"><p>Za javne povr\u0161ine va\u017eno je koristiti kamen koji je izdr\u017eljiv, otporan na veliku frekvenciju prolaza ljudi, te koji zadovoljava estetske i sigurnosne standarde.<\/p><\/div>\n\t\t\t\t<\/div>\n\t\t\t\t\t\t\t\t<\/div>\n\t\t\t\t\t\t<\/div>\n\t\t\t\t<\/div>\n\t\t\t\t\t<\/div>\n\t\t<\/div>\n\t\t\t\t\t<\/div>\n\t\t<\/section>\n\t\t\t\t<section class=\"elementor-section elementor-top-section elementor-element elementor-element-9cef443 elementor-section-boxed elementor-section-height-default elementor-section-height-default\" data-id=\"9cef443\" data-element_type=\"section\">\n\t\t\t\t\t\t<div class=\"elementor-container elementor-column-gap-default\">\n\t\t\t\t\t<div class=\"elementor-column elementor-col-100 elementor-top-column elementor-element elementor-element-68f0d1c\" data-id=\"68f0d1c\" data-element_type=\"column\">\n\t\t\t<div class=\"elementor-widget-wrap\">\n\t\t\t\t\t\t\t<\/div>\n\t\t<\/div>\n\t\t\t\t\t<\/div>\n\t\t<\/section>\n\t\t\t\t<\/div>\n\t\t","protected":false},"excerpt":{"rendered":"<p>Proizvodi Zaunstein H\u00e4ufig gestellte Fragen Za\u0161tita i odr\u017eavanje kamena: Wie kann ich den Stein vor Besch\u00e4digungen sch\u00fctzen? Zum Schutz des Steins wird eine Schutzbeschichtung, d. h. Impr\u00e4gnierung, verwendet. Sie sch\u00fctzt den Stein vor Feuchtigkeit, Flecken und anderen sch\u00e4dlichen Elementen. Wie wird der Stein gereinigt und gepflegt? Stein ist ein langlebiges und pflegeleichtes Material. F\u00fcr die&#8230;<\/p>\n","protected":false},"author":1,"featured_media":0,"parent":0,"menu_order":0,"comment_status":"closed","ping_status":"closed","template":"","meta":{"footnotes":""},"class_list":["post-8388","page","type-page","status-publish","hentry"],"_links":{"self":[{"href":"https:\/\/delta-dragun.hr\/de\/wp-json\/wp\/v2\/pages\/8388","targetHints":{"allow":["GET"]}}],"collection":[{"href":"https:\/\/delta-dragun.hr\/de\/wp-json\/wp\/v2\/pages"}],"about":[{"href":"https:\/\/delta-dragun.hr\/de\/wp-json\/wp\/v2\/types\/page"}],"author":[{"embeddable":true,"href":"https:\/\/delta-dragun.hr\/de\/wp-json\/wp\/v2\/users\/1"}],"replies":[{"embeddable":true,"href":"https:\/\/delta-dragun.hr\/de\/wp-json\/wp\/v2\/comments?post=8388"}],"version-history":[{"count":10,"href":"https:\/\/delta-dragun.hr\/de\/wp-json\/wp\/v2\/pages\/8388\/revisions"}],"predecessor-version":[{"id":8723,"href":"https:\/\/delta-dragun.hr\/de\/wp-json\/wp\/v2\/pages\/8388\/revisions\/8723"}],"wp:attachment":[{"href":"https:\/\/delta-dragun.hr\/de\/wp-json\/wp\/v2\/media?parent=8388"}],"curies":[{"name":"wp","href":"https:\/\/api.w.org\/{rel}","templated":true}]}}